{"id":2028,"date":"2021-05-12T12:03:19","date_gmt":"2021-05-12T12:03:19","guid":{"rendered":"https:\/\/lxt-law.com\/?page_id=2028"},"modified":"2026-02-10T09:13:45","modified_gmt":"2026-02-10T09:13:45","slug":"legal","status":"publish","type":"page","link":"https:\/\/lxt-law.com\/en\/legal\/","title":{"rendered":"Mentions l\u00e9gales"},"content":{"rendered":"<h4 class=\"p2\"><b>R\u00e9alisation \u00e9ditoriale <\/b><\/h4>\n<p class=\"p1\">Le pr\u00e9sent site internet accessible \u00e0 partir de l\u2019adresse URL www.lxt-law.com (le \u00ab Site \u00bb) est \u00e9dit\u00e9 par Lexington Avocats, soci\u00e9t\u00e9 d\u2019exercice lib\u00e9ral par actions simplifi\u00e9e au capital social de 65 100 euros immatricul\u00e9e au Registre du Commerce et des Soci\u00e9t\u00e9s de Paris sous le num\u00e9ro 752 839 985, (TVA intracommunautaire : FR 00752839985), dont le si\u00e8ge social est sis \u00e0 Paris (75008), 29 rue de Lisbonne, dont le num\u00e9ro de t\u00e9l\u00e9phone est le +33 (0)1 83 75 41 41, l\u2019adresse email <a href=\"mailto:contact@lxt-law.com\"><span class=\"s1\">contact@lxt-law.com<\/span><\/a>.<\/p>\n<p class=\"p2\">La directrice de la publication est Karine Clolus-Dupont.<\/p>\n<p>&nbsp;<\/p>\n<h4 class=\"p1\"><b>Conception <\/b><\/h4>\n<p><b>Avocom<br \/>\n<\/b>6 Rue Saulnier<br \/>\n75009 Paris<br \/>\nT\u00e9l. +33 (0)1 48 24 60 54<br \/>\n<span class=\"s1\"><a href=\"https:\/\/avocom.fr\/\">avocom agence conseil marketing et communication d\u00e9di\u00e9e aux m\u00e9tiers du droit et de la finance<\/a><\/span><\/p>\n<h4 class=\"p1\"><b>Design et r\u00e9alisation du Site <\/b><\/h4>\n<p class=\"p2\"><b>Agence Pleins les Yeux<br \/>\n<\/b>28 rue D\u2019Artois<br \/>\n75008 Paris<br \/>\nT. +33 (0)1 42 89 15 56<br \/>\n<span class=\"s1\"><a href=\"https:\/\/www.agence-pleinlesyeux.com\/\">Agence Plein les Yeux &#8211; Agence de cr\u00e9ation digitale (agence-pleinlesyeux.com)<\/a><\/span><\/p>\n<p>&nbsp;<\/p>\n<p>&nbsp;<\/p>\n<h4 class=\"p6\"><b>H\u00e9bergement <\/b><\/h4>\n<p class=\"p1\">Ce site est h\u00e9berg\u00e9 par la soci\u00e9t\u00e9 OVH SA, situ\u00e9e \u00e0 Roubaix (59100), 2 rue Kellermann, dont le num\u00e9ro de t\u00e9l\u00e9phone est le 1007 et \u00e0 l\u2019adresse internet de support\u00a0: <a href=\"https:\/\/www.ovh.com\/fr\/support\/\"><span class=\"s1\">https:\/\/www.ovh.com\/fr\/support\/<\/span><\/a><\/p>\n<p>&nbsp;<\/p>\n<h4 class=\"p1\"><b>Droit de reproduction<\/b><\/h4>\n<p class=\"p1\">Le Site Internet et chacun des \u00e9l\u00e9ments qui le compose, et notamment les textes, articles, lettres d\u2019informations, communiqu\u00e9s, pr\u00e9sentations, brochures, illustrations, photographies, et tout autres \u00e9l\u00e9ments constitutifs (textes, sons ou images) sont la propri\u00e9t\u00e9 intellectuelle exclusive du cabinet \u00e0 l\u2019exception des marques de tiers qui pourraient \u00eatre cit\u00e9es.<\/p>\n<p class=\"p1\">L\u2019utilisateur n\u2019est pas autoris\u00e9 \u00e0 reproduire, repr\u00e9senter, modifier, traduire et\/ou adapter, partiellement ou totalement, \u00e0 titre on\u00e9reux ou gratuit, le Site et chacun des \u00e9l\u00e9ments qui le compose, ni reproduire ou repr\u00e9senter de telles traductions, adaptations et modifications, partiellement ou totalement, \u00e0 titre on\u00e9reux ou gratuit, sans l\u2019accord pr\u00e9alable \u00e9crit du Cabinet. Toute courte citation devra faire appara\u00eetre le nom de son auteur et, le cas \u00e9ch\u00e9ant, la date et le num\u00e9ro de publication du document cit\u00e9.<\/p>\n<p>&nbsp;<\/p>\n<h4 class=\"p1\"><b>D\u00e9ontologie <\/b><\/h4>\n<p class=\"p1\">Tous les avocats du cabinet sont membres du Barreau de Paris et sont tenus aux r\u00e8gles d\u00e9ontologiques du Barreau de Paris (notamment disponibles sur le site de l\u2019Ordre des Avocats de Paris).<\/p>\n<p class=\"p7\">Les informations consultables sur le Site ne constituent en aucune fa\u00e7on une offre de services, ni un conseil, recommandation ou avis juridique.<\/p>\n<p class=\"p7\">Le Site est un site de droit fran\u00e7ais, soumis aux juridictions fran\u00e7aises et a pour langue officielle le fran\u00e7ais.<\/p>\n","protected":false},"excerpt":{"rendered":"<p>R\u00e9alisation \u00e9ditoriale Le pr\u00e9sent site internet accessible \u00e0 partir de l\u2019adresse URL www.lxt-law.com (le \u00ab Site \u00bb) est \u00e9dit\u00e9 par Lexington Avocats, soci\u00e9t\u00e9 d\u2019exercice lib\u00e9ral par actions simplifi\u00e9e au capital social de 65 100 euros immatricul\u00e9e au Registre du Commerce et des Soci\u00e9t\u00e9s de Paris sous le num\u00e9ro 752 839 985, (TVA intracommunautaire : FR [&hellip;]<\/p>\n","protected":false},"author":2,"featured_media":0,"parent":0,"menu_order":0,"comment_status":"closed","ping_status":"closed","template":"","meta":{"inline_featured_image":false,"footnotes":""},"class_list":["post-2028","page","type-page","status-publish","hentry"],"yoast_head":"<!-- This site is optimized with the Yoast SEO plugin v27.2 - https:\/\/yoast.com\/product\/yoast-seo-wordpress\/ -->\n<title>Mentions l\u00e9gales - Lexington<\/title>\n<meta name=\"robots\" content=\"index, follow, max-snippet:-1, max-image-preview:large, max-video-preview:-1\" \/>\n<link rel=\"canonical\" href=\"https:\/\/lxt-law.com\/en\/legal\/\" \/>\n<meta property=\"og:locale\" content=\"en_US\" \/>\n<meta property=\"og:type\" content=\"article\" \/>\n<meta property=\"og:title\" content=\"Mentions l\u00e9gales - Lexington\" \/>\n<meta property=\"og:description\" content=\"R\u00e9alisation \u00e9ditoriale Le pr\u00e9sent site internet accessible \u00e0 partir de l\u2019adresse URL www.lxt-law.com (le \u00ab Site \u00bb) est \u00e9dit\u00e9 par Lexington Avocats, soci\u00e9t\u00e9 d\u2019exercice lib\u00e9ral par actions simplifi\u00e9e au capital social de 65 100 euros immatricul\u00e9e au Registre du Commerce et des Soci\u00e9t\u00e9s de Paris sous le num\u00e9ro 752 839 985, (TVA intracommunautaire : FR [&hellip;]\" \/>\n<meta property=\"og:url\" content=\"https:\/\/lxt-law.com\/en\/legal\/\" \/>\n<meta property=\"og:site_name\" content=\"Lexington\" \/>\n<meta property=\"article:modified_time\" content=\"2026-02-10T09:13:45+00:00\" \/>\n<meta name=\"twitter:card\" content=\"summary_large_image\" \/>\n<meta name=\"twitter:label1\" content=\"Est. reading time\" \/>\n\t<meta name=\"twitter:data1\" content=\"2 minutes\" \/>\n<script type=\"application\/ld+json\" class=\"yoast-schema-graph\">{\"@context\":\"https:\/\/schema.org\",\"@graph\":[{\"@type\":\"WebPage\",\"@id\":\"https:\/\/lxt-law.com\/en\/legal\/\",\"url\":\"https:\/\/lxt-law.com\/en\/legal\/\",\"name\":\"Mentions l\u00e9gales - Lexington\",\"isPartOf\":{\"@id\":\"https:\/\/lxt-law.com\/#website\"},\"datePublished\":\"2021-05-12T12:03:19+00:00\",\"dateModified\":\"2026-02-10T09:13:45+00:00\",\"breadcrumb\":{\"@id\":\"https:\/\/lxt-law.com\/en\/legal\/#breadcrumb\"},\"inLanguage\":\"en-US\",\"potentialAction\":[{\"@type\":\"ReadAction\",\"target\":[\"https:\/\/lxt-law.com\/en\/legal\/\"]}]},{\"@type\":\"BreadcrumbList\",\"@id\":\"https:\/\/lxt-law.com\/en\/legal\/#breadcrumb\",\"itemListElement\":[{\"@type\":\"ListItem\",\"position\":1,\"name\":\"Home\",\"item\":\"https:\/\/lxt-law.com\/en\/\"},{\"@type\":\"ListItem\",\"position\":2,\"name\":\"Mentions l\u00e9gales\"}]},{\"@type\":\"WebSite\",\"@id\":\"https:\/\/lxt-law.com\/#website\",\"url\":\"https:\/\/lxt-law.com\/\",\"name\":\"Lexington\",\"description\":\"\",\"publisher\":{\"@id\":\"https:\/\/lxt-law.com\/#organization\"},\"potentialAction\":[{\"@type\":\"SearchAction\",\"target\":{\"@type\":\"EntryPoint\",\"urlTemplate\":\"https:\/\/lxt-law.com\/?s={search_term_string}\"},\"query-input\":{\"@type\":\"PropertyValueSpecification\",\"valueRequired\":true,\"valueName\":\"search_term_string\"}}],\"inLanguage\":\"en-US\"},{\"@type\":\"Organization\",\"@id\":\"https:\/\/lxt-law.com\/#organization\",\"name\":\"Lexington\",\"url\":\"https:\/\/lxt-law.com\/\",\"logo\":{\"@type\":\"ImageObject\",\"inLanguage\":\"en-US\",\"@id\":\"https:\/\/lxt-law.com\/#\/schema\/logo\/image\/\",\"url\":\"https:\/\/lxt-law.com\/wp-content\/uploads\/2021\/04\/EBLL_LOGO_COULEUR.svg\",\"contentUrl\":\"https:\/\/lxt-law.com\/wp-content\/uploads\/2021\/04\/EBLL_LOGO_COULEUR.svg\",\"width\":472,\"height\":113,\"caption\":\"Lexington\"},\"image\":{\"@id\":\"https:\/\/lxt-law.com\/#\/schema\/logo\/image\/\"}}]}<\/script>\n<!-- \/ Yoast SEO plugin. -->","yoast_head_json":{"title":"Mentions l\u00e9gales - Lexington","robots":{"index":"index","follow":"follow","max-snippet":"max-snippet:-1","max-image-preview":"max-image-preview:large","max-video-preview":"max-video-preview:-1"},"canonical":"https:\/\/lxt-law.com\/en\/legal\/","og_locale":"en_US","og_type":"article","og_title":"Mentions l\u00e9gales - Lexington","og_description":"R\u00e9alisation \u00e9ditoriale Le pr\u00e9sent site internet accessible \u00e0 partir de l\u2019adresse URL www.lxt-law.com (le \u00ab Site \u00bb) est \u00e9dit\u00e9 par Lexington Avocats, soci\u00e9t\u00e9 d\u2019exercice lib\u00e9ral par actions simplifi\u00e9e au capital social de 65 100 euros immatricul\u00e9e au Registre du Commerce et des Soci\u00e9t\u00e9s de Paris sous le num\u00e9ro 752 839 985, (TVA intracommunautaire : FR [&hellip;]","og_url":"https:\/\/lxt-law.com\/en\/legal\/","og_site_name":"Lexington","article_modified_time":"2026-02-10T09:13:45+00:00","twitter_card":"summary_large_image","twitter_misc":{"Est. reading time":"2 minutes"},"schema":{"@context":"https:\/\/schema.org","@graph":[{"@type":"WebPage","@id":"https:\/\/lxt-law.com\/en\/legal\/","url":"https:\/\/lxt-law.com\/en\/legal\/","name":"Mentions l\u00e9gales - Lexington","isPartOf":{"@id":"https:\/\/lxt-law.com\/#website"},"datePublished":"2021-05-12T12:03:19+00:00","dateModified":"2026-02-10T09:13:45+00:00","breadcrumb":{"@id":"https:\/\/lxt-law.com\/en\/legal\/#breadcrumb"},"inLanguage":"en-US","potentialAction":[{"@type":"ReadAction","target":["https:\/\/lxt-law.com\/en\/legal\/"]}]},{"@type":"BreadcrumbList","@id":"https:\/\/lxt-law.com\/en\/legal\/#breadcrumb","itemListElement":[{"@type":"ListItem","position":1,"name":"Home","item":"https:\/\/lxt-law.com\/en\/"},{"@type":"ListItem","position":2,"name":"Mentions l\u00e9gales"}]},{"@type":"WebSite","@id":"https:\/\/lxt-law.com\/#website","url":"https:\/\/lxt-law.com\/","name":"Lexington","description":"","publisher":{"@id":"https:\/\/lxt-law.com\/#organization"},"potentialAction":[{"@type":"SearchAction","target":{"@type":"EntryPoint","urlTemplate":"https:\/\/lxt-law.com\/?s={search_term_string}"},"query-input":{"@type":"PropertyValueSpecification","valueRequired":true,"valueName":"search_term_string"}}],"inLanguage":"en-US"},{"@type":"Organization","@id":"https:\/\/lxt-law.com\/#organization","name":"Lexington","url":"https:\/\/lxt-law.com\/","logo":{"@type":"ImageObject","inLanguage":"en-US","@id":"https:\/\/lxt-law.com\/#\/schema\/logo\/image\/","url":"https:\/\/lxt-law.com\/wp-content\/uploads\/2021\/04\/EBLL_LOGO_COULEUR.svg","contentUrl":"https:\/\/lxt-law.com\/wp-content\/uploads\/2021\/04\/EBLL_LOGO_COULEUR.svg","width":472,"height":113,"caption":"Lexington"},"image":{"@id":"https:\/\/lxt-law.com\/#\/schema\/logo\/image\/"}}]}},"_links":{"self":[{"href":"https:\/\/lxt-law.com\/en\/wp-json\/wp\/v2\/pages\/2028","targetHints":{"allow":["GET"]}}],"collection":[{"href":"https:\/\/lxt-law.com\/en\/wp-json\/wp\/v2\/pages"}],"about":[{"href":"https:\/\/lxt-law.com\/en\/wp-json\/wp\/v2\/types\/page"}],"author":[{"embeddable":true,"href":"https:\/\/lxt-law.com\/en\/wp-json\/wp\/v2\/users\/2"}],"replies":[{"embeddable":true,"href":"https:\/\/lxt-law.com\/en\/wp-json\/wp\/v2\/comments?post=2028"}],"version-history":[{"count":3,"href":"https:\/\/lxt-law.com\/en\/wp-json\/wp\/v2\/pages\/2028\/revisions"}],"predecessor-version":[{"id":2687,"href":"https:\/\/lxt-law.com\/en\/wp-json\/wp\/v2\/pages\/2028\/revisions\/2687"}],"wp:attachment":[{"href":"https:\/\/lxt-law.com\/en\/wp-json\/wp\/v2\/media?parent=2028"}],"curies":[{"name":"wp","href":"https:\/\/api.w.org\/{rel}","templated":true}]}}